{"id":8089,"date":"2022-01-19T19:14:42","date_gmt":"2022-01-19T18:14:42","guid":{"rendered":"http:\/\/st-riquier-es-plains.fr\/?page_id=8089"},"modified":"2022-01-19T19:14:42","modified_gmt":"2022-01-19T18:14:42","slug":"declaration-prealable","status":"publish","type":"page","link":"http:\/\/st-riquier-es-plains.fr\/?page_id=8089","title":{"rendered":"D\u00e9claration Pr\u00e9alable"},"content":{"rendered":"\n<p><a href=\"http:\/\/st-riquier-es-plains.fr\/wp-content\/uploads\/2022\/01\/Guide-pratique-de-la-declaration-prealable.pdf\" target=\"_blank\" rel=\"noreferrer noopener\">Guide pratique de la D\u00e9claration Pr\u00e9alable<\/a><\/p>\n\n\n\n<p><a href=\"http:\/\/st-riquier-es-plains.fr\/wp-content\/uploads\/2022\/01\/Notice-explicative-pour-les-demandes-durbanisme.pdf\" target=\"_blank\" rel=\"noreferrer noopener\">Notice explicative pour les demandes d&rsquo;urbanisme<\/a><\/p>\n\n\n\n<ul><li>Permis de construire<\/li><li>Permis d&rsquo;am\u00e9nager<\/li><li>Permis de d\u00e9molir<\/li><li>D\u00e9claration Pr\u00e9alable<\/li><\/ul>\n","protected":false},"excerpt":{"rendered":"<p>Guide pratique de la D\u00e9claration Pr\u00e9alable Notice explicative pour les demandes d&rsquo;urbanisme Permis de construire Permis d&rsquo;am\u00e9nager Permis de d\u00e9molir D\u00e9claration Pr\u00e9alable<\/p>\n","protected":false},"author":2,"featured_media":0,"parent":8086,"menu_order":0,"comment_status":"closed","ping_status":"closed","template":"","meta":{"_monsterinsights_skip_tracking":false,"_monsterinsights_sitenote_active":false,"_monsterinsights_sitenote_note":"","_monsterinsights_sitenote_category":0},"_links":{"self":[{"href":"http:\/\/st-riquier-es-plains.fr\/index.php?rest_route=\/wp\/v2\/pages\/8089"}],"collection":[{"href":"http:\/\/st-riquier-es-plains.fr\/index.php?rest_route=\/wp\/v2\/pages"}],"about":[{"href":"http:\/\/st-riquier-es-plains.fr\/index.php?rest_route=\/wp\/v2\/types\/page"}],"author":[{"embeddable":true,"href":"http:\/\/st-riquier-es-plains.fr\/index.php?rest_route=\/wp\/v2\/users\/2"}],"replies":[{"embeddable":true,"href":"http:\/\/st-riquier-es-plains.fr\/index.php?rest_route=%2Fwp%2Fv2%2Fcomments&post=8089"}],"version-history":[{"count":1,"href":"http:\/\/st-riquier-es-plains.fr\/index.php?rest_route=\/wp\/v2\/pages\/8089\/revisions"}],"predecessor-version":[{"id":8090,"href":"http:\/\/st-riquier-es-plains.fr\/index.php?rest_route=\/wp\/v2\/pages\/8089\/revisions\/8090"}],"up":[{"embeddable":true,"href":"http:\/\/st-riquier-es-plains.fr\/index.php?rest_route=\/wp\/v2\/pages\/8086"}],"wp:attachment":[{"href":"http:\/\/st-riquier-es-plains.fr\/index.php?rest_route=%2Fwp%2Fv2%2Fmedia&parent=8089"}],"curies":[{"name":"wp","href":"https:\/\/api.w.org\/{rel}","templated":true}]}}