{"id":4021,"date":"2019-03-05T08:27:07","date_gmt":"2019-03-05T08:27:07","guid":{"rendered":"http:\/\/st-riquier-es-plains.fr\/?page_id=4021"},"modified":"2019-03-05T08:42:41","modified_gmt":"2019-03-05T08:42:41","slug":"menus-de-la-cantine-scolaire","status":"publish","type":"page","link":"http:\/\/st-riquier-es-plains.fr\/?page_id=4021","title":{"rendered":"Menus de la cantine scolaire"},"content":{"rendered":"<p><!-- [if gte mso 9]><xml> <w:WordDocument> <w:View>Normal<\/w:View> <w:Zoom>0<\/w:Zoom> <w:HyphenationZone>21<\/w:HyphenationZone> <w:Compatibility> <w:BreakWrappedTables \/> <w:SnapToGridInCell \/> <w:WrapTextWithPunct \/> <w:UseAsianBreakRules \/> <\/w:Compatibility> <w:BrowserLevel>MicrosoftInternetExplorer4<\/w:BrowserLevel> <\/w:WordDocument> <\/xml><![endif]--><!-- [if gte mso 10]>\n\n\n\n<style>\n \/* Style Definitions *\/<br \/>\n table.MsoNormalTable<br \/>\n\t{mso-style-name:\"Tableau Normal\";<br \/>\n\tmso-tstyle-rowband-size:0;<br \/>\n\tmso-tstyle-colband-size:0;<br \/>\n\tmso-style-noshow:yes;<br \/>\n\tmso-style-parent:\"\";<br \/>\n\tmso-padding-alt:0cm 5.4pt 0cm 5.4pt;<br \/>\n\tmso-para-margin:0cm;<br \/>\n\tmso-para-margin-bottom:.0001pt;<br \/>\n\tmso-pagination:widow-orphan;<br \/>\n\tfont-size:10.0pt;<br \/>\n\tfont-family:\"Times New Roman\";}<br \/>\ntable.MsoTableGrid<br \/>\n\t{mso-style-name:\"Grille du tableau\";<br \/>\n\tmso-tstyle-rowband-size:0;<br \/>\n\tmso-tstyle-colband-size:0;<br \/>\n\tborder:solid windowtext 1.0pt;<br \/>\n\tmso-border-alt:solid windowtext .5pt;<br \/>\n\tmso-padding-alt:0cm 5.4pt 0cm 5.4pt;<br \/>\n\tmso-border-insideh:.5pt solid windowtext;<br \/>\n\tmso-border-insidev:.5pt solid windowtext;<br \/>\n\tmso-para-margin-top:0cm;<br \/>\n\tmso-para-margin-right:0cm;<br \/>\n\tmso-para-margin-bottom:8.0pt;<br \/>\n\tmso-para-margin-left:0cm;<br \/>\n\tline-height:107%;<br \/>\n\tmso-pagination:widow-orphan;<br \/>\n\tfont-size:10.0pt;<br \/>\n\tfont-family:Times;<br \/>\n\tmso-fareast-font-family:Calibri;}<br \/>\n<\/style>\n\n<![endif]--><\/p>\n<p class=\"MsoNormal\" style=\"text-align: center;\" align=\"center\"><strong style=\"mso-bidi-font-weight: normal;\"><span style=\"text-decoration: underline;\"><span style=\"font-size: 20.0pt; line-height: 107%; color: red;\">Semaine du 18 au 22 mars 2019<\/span><\/span><\/strong><\/p>\n<div>\n<table class=\"MsoTableGrid\" style=\"border-collapse: collapse; border: none; mso-border-alt: solid windowtext .5pt; mso-yfti-tbllook: 480; mso-padding-alt: 0cm 5.4pt 0cm 5.4pt; mso-border-insideh: .5pt solid windowtext; mso-border-insidev: .5pt solid windowtext;\" border=\"1\" cellspacing=\"0\" cellpadding=\"0\">\n<tbody>\n<tr style=\"mso-yfti-irow: 0;\">\n<td style=\"width: 5.0cm; border: solid windowtext 1.0pt; mso-border-alt: solid windowtext .5pt; padding: 0cm 5.4pt 0cm 5.4pt;\" valign=\"top\" width=\"189\">\n<p class=\"MsoNormal\" style=\"margin-left: 18.0pt; text-align: center;\" align=\"center\"><strong style=\"mso-bidi-font-weight: normal;\"><span style=\"text-decoration: underline;\"><span style=\"mso-fareast-font-family: Calibri;\">Lundi<\/span><\/span><\/strong><\/p>\n<\/td>\n<td style=\"width: 5.0cm; border: solid windowtext 1.0pt; border-left: none; mso-border-left-alt: solid windowtext .5pt; mso-border-alt: solid windowtext .5pt; padding: 0cm 5.4pt 0cm 5.4pt;\" valign=\"top\" width=\"189\">\n<p class=\"MsoNormal\" style=\"margin-left: 18.0pt; text-align: center;\" align=\"center\"><strong style=\"mso-bidi-font-weight: normal;\"><span style=\"text-decoration: underline;\"><span style=\"mso-fareast-font-family: Calibri;\">Mardi<\/span><\/span><\/strong><\/p>\n<\/td>\n<td style=\"width: 5.0cm; border: solid windowtext 1.0pt; border-left: none; mso-border-left-alt: solid windowtext .5pt; mso-border-alt: solid windowtext .5pt; padding: 0cm 5.4pt 0cm 5.4pt;\" valign=\"top\" width=\"189\">\n<p class=\"MsoNormal\" style=\"margin-left: 18.0pt; text-align: center;\" align=\"center\"><strong style=\"mso-bidi-font-weight: normal;\"><span style=\"text-decoration: underline;\"><span style=\"mso-fareast-font-family: Calibri;\">Jeudi<\/span><\/span><\/strong><\/p>\n<\/td>\n<td style=\"width: 5.0cm; border: solid windowtext 1.0pt; border-left: none; mso-border-left-alt: solid windowtext .5pt; mso-border-alt: solid windowtext .5pt; padding: 0cm 5.4pt 0cm 5.4pt;\" valign=\"top\" width=\"189\">\n<p class=\"MsoNormal\" style=\"margin-left: 18.0pt; text-align: center;\" align=\"center\"><strong style=\"mso-bidi-font-weight: normal;\"><span style=\"text-decoration: underline;\"><span style=\"mso-fareast-font-family: Calibri;\">Vendredi<\/span><\/span><\/strong><\/p>\n<\/td>\n<\/tr>\n<tr style=\"mso-yfti-irow: 1; mso-yfti-lastrow: yes;\">\n<td style=\"width: 5.0cm; border: solid windowtext 1.0pt; border-top: none; mso-border-top-alt: solid windowtext .5pt; mso-border-alt: solid windowtext .5pt; padding: 0cm 5.4pt 0cm 5.4pt;\" valign=\"top\" width=\"189\">\n<ul>\n<li class=\"MsoNormal\" style=\"line-height: 150%;\"><span style=\"font-size: 11.0pt; line-height: 150%; font-family: Calibri; mso-fareast-font-family: Calibri; mso-bidi-font-family: 'Times New Roman';\">Betteraves<\/span><\/li>\n<li class=\"MsoNormal\" style=\"line-height: 150%;\"><span style=\"font-size: 11.0pt; line-height: 150%; font-family: Calibri; mso-fareast-font-family: Calibri; mso-bidi-font-family: 'Times New Roman';\">Jambon grill macaronis<\/span><\/li>\n<li class=\"MsoNormal\" style=\"line-height: 150%;\"><span style=\"font-size: 11.0pt; line-height: 150%; font-family: Calibri; mso-fareast-font-family: Calibri; mso-bidi-font-family: 'Times New Roman';\">Suisse aromatis\u00e9<\/span><\/li>\n<li class=\"MsoNormal\" style=\"line-height: 150%;\"><span style=\"font-size: 11.0pt; line-height: 150%; font-family: Calibri; mso-fareast-font-family: Calibri; mso-bidi-font-family: 'Times New Roman';\">Compote pomme framboise<\/span><\/li>\n<\/ul>\n<\/td>\n<td style=\"width: 5.0cm; border-top: none; border-left: none; border-bottom: solid windowtext 1.0pt; border-right: solid windowtext 1.0pt; mso-border-top-alt: solid windowtext .5pt; mso-border-left-alt: solid windowtext .5pt; mso-border-alt: solid windowtext .5pt; padding: 0cm 5.4pt 0cm 5.4pt;\" valign=\"top\" width=\"189\">\n<ul>\n<li class=\"MsoNormal\" style=\"line-height: 150%;\"><span style=\"font-size: 11.0pt; line-height: 150%; font-family: Calibri; mso-fareast-font-family: Calibri; mso-bidi-font-family: 'Times New Roman';\">Saucisson \u00e0 l\u2019ail<\/span><\/li>\n<li class=\"MsoNormal\" style=\"line-height: 150%;\"><span style=\"font-size: 11.0pt; line-height: 150%; font-family: Calibri; mso-fareast-font-family: Calibri; mso-bidi-font-family: 'Times New Roman';\">Boulettes v\u00e9g\u00e9tales frites au four<\/span><\/li>\n<li class=\"MsoNormal\" style=\"line-height: 150%;\"><span style=\"font-size: 11.0pt; line-height: 150%; font-family: Calibri; mso-fareast-font-family: Calibri; mso-bidi-font-family: 'Times New Roman';\">Rondel\u00e9<\/span><\/li>\n<li class=\"MsoNormal\" style=\"line-height: 150%;\"><span style=\"font-size: 11.0pt; line-height: 150%; font-family: Calibri; mso-fareast-font-family: Calibri; mso-bidi-font-family: 'Times New Roman';\">Novly chocolat<\/span><\/li>\n<\/ul>\n<\/td>\n<td style=\"width: 5.0cm; border-top: none; border-left: none; border-bottom: solid windowtext 1.0pt; border-right: solid windowtext 1.0pt; mso-border-top-alt: solid windowtext .5pt; mso-border-left-alt: solid windowtext .5pt; mso-border-alt: solid windowtext .5pt; padding: 0cm 5.4pt 0cm 5.4pt;\" valign=\"top\" width=\"189\">\n<ul>\n<li class=\"MsoNormal\" style=\"line-height: 150%;\"><span style=\"font-size: 11.0pt; line-height: 150%; font-family: Calibri; mso-fareast-font-family: Calibri; mso-bidi-font-family: 'Times New Roman';\">Concombres<\/span><\/li>\n<li class=\"MsoNormal\" style=\"line-height: 150%;\"><span style=\"font-size: 11.0pt; line-height: 150%; font-family: Calibri; mso-fareast-font-family: Calibri; mso-bidi-font-family: 'Times New Roman';\">Fricass\u00e9e de volaille semoule<\/span><\/li>\n<li class=\"MsoNormal\" style=\"line-height: 150%;\"><span style=\"font-size: 11.0pt; line-height: 150%; font-family: Calibri; mso-fareast-font-family: Calibri; mso-bidi-font-family: 'Times New Roman';\">Yaourt aromatis\u00e9<\/span><\/li>\n<li class=\"MsoNormal\" style=\"line-height: 150%;\"><span style=\"font-size: 11.0pt; line-height: 150%; font-family: Calibri; mso-fareast-font-family: Calibri; mso-bidi-font-family: 'Times New Roman';\">Fruit de saison<\/span><\/li>\n<\/ul>\n<\/td>\n<td style=\"width: 5.0cm; border-top: none; border-left: none; border-bottom: solid windowtext 1.0pt; border-right: solid windowtext 1.0pt; mso-border-top-alt: solid windowtext .5pt; mso-border-left-alt: solid windowtext .5pt; mso-border-alt: solid windowtext .5pt; padding: 0cm 5.4pt 0cm 5.4pt;\" valign=\"top\" width=\"189\">\n<ul>\n<li class=\"MsoNormal\" style=\"line-height: 150%;\"><span style=\"font-size: 11.0pt; line-height: 150%; font-family: Calibri; mso-fareast-font-family: Calibri; mso-bidi-font-family: 'Times New Roman';\">Salade du chef<\/span><\/li>\n<li class=\"MsoNormal\" style=\"line-height: 150%;\"><span style=\"font-size: 11.0pt; line-height: 150%; font-family: Calibri; mso-fareast-font-family: Calibri; mso-bidi-font-family: 'Times New Roman';\">Beignets de calamars pur\u00e9e cr\u00e9cy<\/span><\/li>\n<li class=\"MsoNormal\" style=\"line-height: 150%;\"><span style=\"font-size: 11.0pt; line-height: 150%; font-family: Calibri; mso-fareast-font-family: Calibri; mso-bidi-font-family: 'Times New Roman';\">B\u00fbchette de lait m\u00e9lange<\/span><\/li>\n<li class=\"MsoNormal\" style=\"line-height: 150%;\"><span style=\"font-size: 11.0pt; line-height: 150%; font-family: Calibri; mso-fareast-font-family: Calibri; mso-bidi-font-family: 'Times New Roman';\">Eclair vanille<\/span><\/li>\n<\/ul>\n<\/td>\n<\/tr>\n<\/tbody>\n<\/table>\n<\/div>\n<p>&nbsp;<\/p>\n","protected":false},"excerpt":{"rendered":"<p>Semaine du 18 au 22 mars 2019 Lundi Mardi Jeudi Vendredi Betteraves Jambon grill macaronis Suisse aromatis\u00e9 Compote pomme framboise Saucisson \u00e0 l\u2019ail Boulettes v\u00e9g\u00e9tales frites au four Rondel\u00e9 Novly chocolat Concombres Fricass\u00e9e de volaille semoule Yaourt aromatis\u00e9 Fruit de&hellip;&nbsp;<a href=\"http:\/\/st-riquier-es-plains.fr\/?page_id=4021\" class=\"more-link\">Lire la suite<\/a><\/p>\n","protected":false},"author":2,"featured_media":0,"parent":1025,"menu_order":0,"comment_status":"closed","ping_status":"closed","template":"templates\/full-width.php","meta":{"_monsterinsights_skip_tracking":false,"_monsterinsights_sitenote_active":false,"_monsterinsights_sitenote_note":"","_monsterinsights_sitenote_category":0},"_links":{"self":[{"href":"http:\/\/st-riquier-es-plains.fr\/index.php?rest_route=\/wp\/v2\/pages\/4021"}],"collection":[{"href":"http:\/\/st-riquier-es-plains.fr\/index.php?rest_route=\/wp\/v2\/pages"}],"about":[{"href":"http:\/\/st-riquier-es-plains.fr\/index.php?rest_route=\/wp\/v2\/types\/page"}],"author":[{"embeddable":true,"href":"http:\/\/st-riquier-es-plains.fr\/index.php?rest_route=\/wp\/v2\/users\/2"}],"replies":[{"embeddable":true,"href":"http:\/\/st-riquier-es-plains.fr\/index.php?rest_route=%2Fwp%2Fv2%2Fcomments&post=4021"}],"version-history":[{"count":3,"href":"http:\/\/st-riquier-es-plains.fr\/index.php?rest_route=\/wp\/v2\/pages\/4021\/revisions"}],"predecessor-version":[{"id":4034,"href":"http:\/\/st-riquier-es-plains.fr\/index.php?rest_route=\/wp\/v2\/pages\/4021\/revisions\/4034"}],"up":[{"embeddable":true,"href":"http:\/\/st-riquier-es-plains.fr\/index.php?rest_route=\/wp\/v2\/pages\/1025"}],"wp:attachment":[{"href":"http:\/\/st-riquier-es-plains.fr\/index.php?rest_route=%2Fwp%2Fv2%2Fmedia&parent=4021"}],"curies":[{"name":"wp","href":"https:\/\/api.w.org\/{rel}","templated":true}]}}