{"id":256,"date":"2021-01-24T22:24:00","date_gmt":"2021-01-24T21:24:00","guid":{"rendered":"http:\/\/st-riquier-es-plains.fr\/?page_id=256"},"modified":"2021-01-24T19:55:59","modified_gmt":"2021-01-24T18:55:59","slug":"demarches-administratives","status":"publish","type":"page","link":"http:\/\/st-riquier-es-plains.fr\/?page_id=256","title":{"rendered":"D\u00e9marches administratives"},"content":{"rendered":"<p>Nouveau : d\u00e9marches en ligne (Carte d&rsquo;identit\u00e9, passeport, certificat d&rsquo;immatriculation, permis de conduire), ouvrir le document suivant -&gt; <a href=\"http:\/\/st-riquier-es-plains.fr\/wp-content\/uploads\/2017\/11\/Demarches-en-ligne.pdf\"><strong>Demarches en ligne<\/strong><\/a><\/p>\n<p style=\"padding-left: 40px;\"><strong><span style=\"text-decoration: underline;\">Identit\u00e9 &#8211; Authentification<\/span><\/strong><\/p>\n<ul>\n<li style=\"list-style-type: none;\">\n<ul>\n<li style=\"list-style-type: none;\">\n<ul>\n<li><span style=\"color: #3366ff;\"><a href=\"http:\/\/vosdroits.service-public.fr\/particuliers\/N358.xhtml\" target=\"_blank\" rel=\"noopener noreferrer\"><span style=\"color: #3366ff;\">Carte Nationale d&rsquo;Identit\u00e9 (C.N.I.)<\/span><\/a><\/span><\/li>\n<li><span style=\"color: #3366ff;\"><a href=\"http:\/\/vosdroits.service-public.fr\/particuliers\/N360.xhtml\" target=\"_blank\" rel=\"noopener noreferrer\"><span style=\"color: #3366ff;\">Passeport et visa<\/span><\/a><\/span><\/li>\n<li><span style=\"color: #3366ff;\"><a href=\"http:\/\/vosdroits.service-public.fr\/particuliers\/F1359.xhtml\" target=\"_blank\" rel=\"noopener noreferrer\"><span style=\"color: #3366ff;\">Autorisation de sortie du territoire<\/span><\/a><\/span><\/li>\n<\/ul>\n<\/li>\n<\/ul>\n<\/li>\n<\/ul>\n<p style=\"padding-left: 40px;\"><strong><span style=\"text-decoration: underline;\">Actes d&rsquo;\u00e9tat civil<\/span><\/strong><\/p>\n<ul>\n<li style=\"list-style-type: none;\">\n<ul>\n<li style=\"list-style-type: none;\">\n<ul>\n<li><span style=\"color: #3366ff;\"><a href=\"http:\/\/vosdroits.service-public.fr\/particuliers\/F1427.xhtml\" target=\"_blank\" rel=\"noopener noreferrer\"><span style=\"color: #3366ff;\">Acte de naissance<\/span><\/a><\/span><\/li>\n<li><span style=\"color: #3366ff;\"><a href=\"http:\/\/vosdroits.service-public.fr\/particuliers\/F1432.xhtml\" target=\"_blank\" rel=\"noopener noreferrer\"><span style=\"color: #3366ff;\">Acte de mariage<\/span><\/a><\/span><\/li>\n<li><span style=\"color: #3366ff;\"><a href=\"http:\/\/vosdroits.service-public.fr\/particuliers\/F1444.xhtml\" target=\"_blank\" rel=\"noopener noreferrer\"><span style=\"color: #3366ff;\">Acte de d\u00e9c\u00e8s<\/span><\/a><\/span><\/li>\n<\/ul>\n<\/li>\n<\/ul>\n<\/li>\n<\/ul>\n<p style=\"padding-left: 40px;\"><strong><span style=\"text-decoration: underline;\">Vie Citoyenne<\/span><\/strong><\/p>\n<ul>\n<li style=\"list-style-type: none;\">\n<ul>\n<li style=\"list-style-type: none;\">\n<ul>\n<li><span style=\"color: #3366ff;\"><a href=\"http:\/\/vosdroits.service-public.fr\/particuliers\/N47.xhtml\" target=\"_blank\" rel=\"noopener noreferrer\"><span style=\"color: #3366ff;\">Elections (inscription sur les listes \u00e9lectorales, op\u00e9ration de vote, &#8230;)<\/span><\/a><\/span><\/li>\n<li><span style=\"color: #3366ff;\"><a href=\"http:\/\/vosdroits.service-public.fr\/particuliers\/N20070.xhtml\" target=\"_blank\" rel=\"noopener noreferrer\"><span style=\"color: #3366ff;\">Recensement, Journ\u00e9e d\u00e9fense et citoyennet\u00e9<\/span><\/a><\/span><\/li>\n<\/ul>\n<\/li>\n<\/ul>\n<\/li>\n<\/ul>\n\n\n<p><\/p>\n","protected":false},"excerpt":{"rendered":"<p>Nouveau : d\u00e9marches en ligne (Carte d&rsquo;identit\u00e9, passeport, certificat d&rsquo;immatriculation, permis de conduire), ouvrir le document suivant -&gt; Demarches en ligne Identit\u00e9 &#8211; Authentification Carte Nationale d&rsquo;Identit\u00e9 (C.N.I.) Passeport et visa Autorisation de sortie du territoire Actes d&rsquo;\u00e9tat civil Acte&hellip;&nbsp;<a href=\"http:\/\/st-riquier-es-plains.fr\/?page_id=256\" class=\"more-link\">Lire la suite<\/a><\/p>\n","protected":false},"author":2,"featured_media":0,"parent":0,"menu_order":0,"comment_status":"closed","ping_status":"open","template":"","meta":{"_monsterinsights_skip_tracking":false,"_monsterinsights_sitenote_active":false,"_monsterinsights_sitenote_note":"","_monsterinsights_sitenote_category":0},"_links":{"self":[{"href":"http:\/\/st-riquier-es-plains.fr\/index.php?rest_route=\/wp\/v2\/pages\/256"}],"collection":[{"href":"http:\/\/st-riquier-es-plains.fr\/index.php?rest_route=\/wp\/v2\/pages"}],"about":[{"href":"http:\/\/st-riquier-es-plains.fr\/index.php?rest_route=\/wp\/v2\/types\/page"}],"author":[{"embeddable":true,"href":"http:\/\/st-riquier-es-plains.fr\/index.php?rest_route=\/wp\/v2\/users\/2"}],"replies":[{"embeddable":true,"href":"http:\/\/st-riquier-es-plains.fr\/index.php?rest_route=%2Fwp%2Fv2%2Fcomments&post=256"}],"version-history":[{"count":18,"href":"http:\/\/st-riquier-es-plains.fr\/index.php?rest_route=\/wp\/v2\/pages\/256\/revisions"}],"predecessor-version":[{"id":7029,"href":"http:\/\/st-riquier-es-plains.fr\/index.php?rest_route=\/wp\/v2\/pages\/256\/revisions\/7029"}],"wp:attachment":[{"href":"http:\/\/st-riquier-es-plains.fr\/index.php?rest_route=%2Fwp%2Fv2%2Fmedia&parent=256"}],"curies":[{"name":"wp","href":"https:\/\/api.w.org\/{rel}","templated":true}]}}