{"id":106,"date":"2011-12-20T17:12:28","date_gmt":"2011-12-20T17:12:28","guid":{"rendered":"http:\/\/st-riquier-es-plains.fr\/?page_id=106"},"modified":"2022-01-07T10:46:44","modified_gmt":"2022-01-07T09:46:44","slug":"commerces-entreprises-artisants","status":"publish","type":"page","link":"http:\/\/st-riquier-es-plains.fr\/?page_id=106","title":{"rendered":"Commerces, entreprises, artisans"},"content":{"rendered":"<h1><strong><span style=\"text-decoration: underline;\"><span style=\"color: #ff0000; text-decoration: underline;\">Commerces<\/span><\/span><\/strong><\/h1>\n<ul>\n<li>\n<h4 class=\"qrShPb kno-ecr-pt PZPZlf mfMhoc hNKfZe\" data-dtype=\"d3ifr\" data-local-attribute=\"d3bn\" data-attrid=\"title\" data-ved=\"2ahUKEwi3yaCV1p31AhVQUxoKHfLDCuwQ3B0oAHoECA4QAQ\">Rol&rsquo;Skafee &#8211; Bar &#8211; Tabac &#8211; \u00c9picerie &#8211; Snacking<\/h4>\n<p>Mr CAUCHOIS Herv\u00e9 et Melle AUBE Carole<\/li>\n<\/ul>\n<h6 style=\"padding-left: 90px;\">74 rue de la croix de pierre<\/h6>\n<h6 style=\"padding-left: 90px;\">76460\u00a0SAINT RIQUIER ES PLAINS<\/h6>\n<div class=\"_4bl7\" style=\"padding-left: 120px;\"><img class=\"_3-91 _1579 img\" src=\"https:\/\/static.xx.fbcdn.net\/rsrc.php\/v3\/yW\/r\/mYv88EsODOI.png\" alt=\"Highlights info row image\" \/> \u00a0\u00a0\u00a0 02 35 97 21 44<\/div>\n<div><\/div>\n<div style=\"padding-left: 40px;\">Site internet : www.rolskafee.wixsite.com\/brasserie<\/div>\n<h1><strong><span style=\"text-decoration: underline;\"><span style=\"color: #ff0000; text-decoration: underline;\">Artisans<\/span><\/span><\/strong><\/h1>\n<ul>\n<li>\n<h4>\u00a0Cuisine Hugo-Martin<\/h4>\n<\/li>\n<\/ul>\n<p style=\"padding-left: 80px;\">Mr Romain Jouette<\/p>\n<p style=\"padding-left: 120px;\"><img class=\"_3-91 _1579 img\" src=\"https:\/\/static.xx.fbcdn.net\/rsrc.php\/v3\/yW\/r\/mYv88EsODOI.png\" alt=\"Highlights info row image\" \/> \u00a0\u00a0\u00a0 06 51 50 98 35<\/p>\n<p style=\"padding-left: 120px;\">Mail : romainjouette@gmail.com<\/p>\n<p style=\"padding-left: 120px;\">Site internet : www.cuisines-hugo-martin.fr<\/p>\n<ul>\n<li>\n<h4>Tinho Concept Et Design (SA)<\/h4>\n<p style=\"padding-left: 60px;\"><img loading=\"lazy\" class=\"alignright\" src=\"data:image\/png;base64,iVBORw0KGgoAAAANSUhEUgAAAFAAAAA8CAIAAAB+RarbAAAHi0lEQVRoge2Z21Mb1x3Hf7vSossuqoYF4YzAAxHGGIE6RoCQgCAJQUECcREXXUCBwahUyICFUEDG4mo1XCw7GMTFwRgaQsGljNvghrHHD8lk8pyHPjXjmT72v+jDsWXFGBtk107t\/cwZzdlzfvvb3\/ecPb89ZwTAwMDAwMDAwMDAwMDAwMDAwMDwNsk2prJJ8l1HcTQYhr1ZhylykX5YhrNjlBxWEof1Zp3\/ShFKheZB6XYqRbHe8Gj+SlFyWH8tipN7ZDg75l3H8r8nk0f8kE5RLEwoFRr8eVFq5nH4VSUNmvwyTX5ZYY5Gq9RrlfrCHE2aJFuVW4xs5FnKOJouzNHEEDEAkJmWlSpOAYDCHI3bPpAry3uJf32R4XcF5ehGdC+Pw48iziQO66ezgvDSResZw9gndoSzY5xW5+783mog5HN6nS1\/eLj+j8XxqXqD5fGjnzMkZwFgrCfQWmefH13C2RgADDpG1QXF9eW2\/dW\/t5taDpbvqeSKw54JFjHlDrSbWhoqq4UCIQCIRcn\/efSv0+LkkwZJsbCfzgoyeURkY4pcFP0815fbGiqrUX1+dAkFtxG8sxG8g3odFsdI73iqOEWTX3Zr7EtNgXprZhPlYX2RwW3vOeyTx+Hv3NjoqLHLM7NRy5Q7EPJfq9ZUnCi2GCLmh3RK+aK0HP0815fbum0XUH1p4hYASM\/k+ZxeVW7xytVFo66xtc6+4l8N+a95HX3rgZVPazsm+oaRfV+bz2xoAgChQDjS5Xe39YVfYACQZ2bfnpxTyRWa\/LJ\/7n331dXF8IOOA47j99Njy4WcowyefKtw\/GSCDaWWCc8IAEiSpfurD6u0VVqlfuXqIgBYa9oeP\/rZYXHM+YPIeNo7qylQ783tqhUlOoX+weo+SVIAQLCIRFFCHE2HZ76jxi4WJYd8QbWi5O61jbQUCUlS+6G7x4wPw7D76bG1wld8gaKZZ\/HHWbmKQgAw2\/oGLvpc3QPn8zXV9RbUW2VoPl9QEr78RF3Hjhex40WB4bnx4Vl2vOiFPtkkabVd6O0eysrJBwD0CwC5isLjLDwMw7ZTKUc87+U2qJIiF+l8x9OcySMMJFHKglIWhCulLKjls2r5rKbfkE0CooYAExdMXLAKCKuAa+KCjcJNXDDiYMTBxAUzH0eliQtmPm7n4XYebubjyKCJC20U3sSFTgG7U8BGFUc8L1xcoudLJ03cT4\/97KNYOLRjC18+1y5RfaTzyV6xvcMwrDSWnD3F89BEp4DtoYlBEX9QxB9M5AwmclC9P5EXLh6acIl4LpoTWTppolPAbqPwNgq3UU90mrjQTOFmPt5M4Wi8mim8SUA8KzQ3XGqFWK0Qi2yxxHPC6xbDsGPuUp9qPnqen60lTrzsfOlRL+dJKVPXn0pKQ3UMYxtKLeKPs15inybJDttHgkXwwq7DtyDNRz4JCUaJ6sGfvu1oan6VlicvUmQe\/rS2Q1OgDj8+MUH849b3rUYzuuRx+Ae3v9m5sRHyBcM24YGWJEtPi5NVckV2xrMoCRYBAEQMN1IY9kvCHsK94dvPqZPKPJkvE7y98K2mKB\/J8DjGthd2SJIa6Qvuzu8NdvVjGHv987Wv5jbiaNpp7l\/\/fE2tKHHbBzb\/uNnT0iU9k3ewfA9lYOTTqGv8cet7oUCIBoUkqZnLkwAw5PCM9l4hSeqmf2bviz9npmV52y7th+56HX1V2qrEBLHZ0PRw56Cv3dVuajm4\/c2D1X20RYlM6Uct4Oc4p07SXDxinqVn8hYm5lFdq9TPXJ6sN1hc7c616U17o2Wkd7yvzWepNeFsrKqk4VZgZdo7q5IrxnoCssz0sZ5AWorErLcatE\/2EsrfFg\/8\/jOjzrg1s4l2aSRJLQduot6N4J1J9+icPxjyXzt1SnRvYWPSPUqSlM\/laa2zrk0vA8Da9PLkpStjly532y7oVNrntB3\/yHmu4nRB96F1hGGYJFn6l+VdSbJ0xDUz3D3manfWl9sGLvqCows4jk8Nh677F3UqbWKCGO0lc2V5hTma4e6xXFnejaGbiaKElip7Q6UJOXRanWZDkyRZ+u\/vHqOPcxxN\/215F8PY+iLDnD845PB8HVyXZ2Y3VJqyM2SrgdBgV39\/Z1+7qeXW2Lyt2rocuOl3ejMkZ3tautC6iPpcfa7idH132S9yGHrrjLrG7YUde6MFZ2OB4bm16WWhQOi0uwCgt2MwLUUyP7p0\/coXcTRtq7ZOe2crtBVu+8Dt8S+NOiMA6IsM4fMDEcMd7Bzytl1qrbMXK4sAAMPYQw7PzsLW18H1OJrmcfg+p\/f60JS2SDvtDSxMzKelSFS5xUKBsFpTMeMZnXSP6lRasShZU6Cu0Fa8jmAA0NYUlDryn11Hd3ABgOvDS688A5xouycUCFvrrNPegKvdGV1IR5FtTC248PQ8hwRHMYTZGTJ0AIqOyByLUi6Pw2+oNJV\/UhbZGJmio34WPNWMYVj0M\/yaRH5dEEcZHKX5+LsRhCBegOM4oLzyAcEIft\/54AS\/Tqb9v4QR\/L4TR9PvOoS3CyP4feeDE5woSnjXIbxdPjjBJ\/6HgoGBgYHh7fFfY7Pl2gfHvPoAAAAASUVORK5CYII=\" alt=\"\" width=\"80\" height=\"60\" \/><\/p>\n<\/li>\n<\/ul>\n<p style=\"padding-left: 60px;\">Sp\u00e9cialis\u00e9e en travaux de conception, r\u00e9novation de l&rsquo;habitat et agencement d&rsquo;int\u00e9rieur \/ ext\u00e9rieur<\/p>\n<p style=\"padding-left: 60px;\">Electricit\u00e9, menuiserie, plaquisterie, agencement<\/p>\n<p style=\"padding-left: 60px;\">Site internet : <a href=\"http:\/\/www.tinho-sa.com\" target=\"_blank\" rel=\"noopener noreferrer\">www.tinho-sa.com<\/a><\/p>\n<p style=\"padding-left: 120px;\">.<\/p>\n<p style=\"padding-left: 120px;\">108\u00a0route St Valery<br \/>\n76460\u00a0Saint Riquier \u00e8s Plains<\/p>\n<p style=\"padding-left: 120px;\">.<\/p>\n<p style=\"padding-left: 120px;\">T\u00e9l : 02 35 97 89 71<\/p>\n<p style=\"padding-left: 120px;\">.<\/p>\n<p>.<\/p>\n<p style=\"padding-left: 60px;\">.<\/p>\n<p style=\"padding-left: 90px;\">.<\/p>\n<div style=\"padding-left: 90px;\"><\/div>\n<h1><strong><span style=\"text-decoration: underline; color: #ff0000;\">\u00a0<\/span><\/strong><\/h1>\n","protected":false},"excerpt":{"rendered":"<p>Commerces Rol&rsquo;Skafee &#8211; Bar &#8211; Tabac &#8211; \u00c9picerie &#8211; Snacking Mr CAUCHOIS Herv\u00e9 et Melle AUBE Carole 74 rue de la croix de pierre 76460\u00a0SAINT RIQUIER ES PLAINS \u00a0\u00a0\u00a0 02 35 97 21 44 Site internet : www.rolskafee.wixsite.com\/brasserie Artisans \u00a0Cuisine&hellip;&nbsp;<a href=\"http:\/\/st-riquier-es-plains.fr\/?page_id=106\" class=\"more-link\">Lire la suite<\/a><\/p>\n","protected":false},"author":2,"featured_media":0,"parent":2,"menu_order":2,"comment_status":"closed","ping_status":"open","template":"","meta":{"_monsterinsights_skip_tracking":false,"_monsterinsights_sitenote_active":false,"_monsterinsights_sitenote_note":"","_monsterinsights_sitenote_category":0},"_links":{"self":[{"href":"http:\/\/st-riquier-es-plains.fr\/index.php?rest_route=\/wp\/v2\/pages\/106"}],"collection":[{"href":"http:\/\/st-riquier-es-plains.fr\/index.php?rest_route=\/wp\/v2\/pages"}],"about":[{"href":"http:\/\/st-riquier-es-plains.fr\/index.php?rest_route=\/wp\/v2\/types\/page"}],"author":[{"embeddable":true,"href":"http:\/\/st-riquier-es-plains.fr\/index.php?rest_route=\/wp\/v2\/users\/2"}],"replies":[{"embeddable":true,"href":"http:\/\/st-riquier-es-plains.fr\/index.php?rest_route=%2Fwp%2Fv2%2Fcomments&post=106"}],"version-history":[{"count":15,"href":"http:\/\/st-riquier-es-plains.fr\/index.php?rest_route=\/wp\/v2\/pages\/106\/revisions"}],"predecessor-version":[{"id":8023,"href":"http:\/\/st-riquier-es-plains.fr\/index.php?rest_route=\/wp\/v2\/pages\/106\/revisions\/8023"}],"up":[{"embeddable":true,"href":"http:\/\/st-riquier-es-plains.fr\/index.php?rest_route=\/wp\/v2\/pages\/2"}],"wp:attachment":[{"href":"http:\/\/st-riquier-es-plains.fr\/index.php?rest_route=%2Fwp%2Fv2%2Fmedia&parent=106"}],"curies":[{"name":"wp","href":"https:\/\/api.w.org\/{rel}","templated":true}]}}