{"id":101,"date":"2011-12-20T16:38:13","date_gmt":"2011-12-20T16:38:13","guid":{"rendered":"http:\/\/st-riquier-es-plains.fr\/?page_id=101"},"modified":"2018-10-11T14:52:39","modified_gmt":"2018-10-11T14:52:39","slug":"presentation","status":"publish","type":"page","link":"http:\/\/st-riquier-es-plains.fr\/?page_id=101","title":{"rendered":"Pr\u00e9sentation"},"content":{"rendered":"<p>Saint-Riquier-\u00e8s-Plains est un village de France, situ\u00e9 dans le d\u00e9partement Seine-Maritime, de la r\u00e9gion Haute-Normandie.<br \/>\nLes habitants de Saint-Riquier-\u00e8s-Plains sont appel\u00e9s les Riquierais, Riquieraises.<br \/>\nLes 608 habitants de la commune vivent sur une superficie de 6 km\u00b2 avec une densit\u00e9 de 99 habitants par km\u00b2 et une moyenne d&rsquo;altitude de 80 m.<\/p>\n<p>.<\/p>\n<p style=\"text-align: center;\"><span style=\"text-decoration: underline;\"><strong>Saint Riquier sous la neige en d\u00e9cembre 2010<\/strong><\/span><\/p>\n<div id='gallery-1' class='gallery galleryid-101 gallery-columns-4 gallery-size-thumbnail'><figure class='gallery-item'>\n\t\t\t<div class='gallery-icon landscape'>\n\t\t\t\t<a href='http:\/\/st-riquier-es-plains.fr\/wp-content\/uploads\/2011\/12\/DSC_0105.jpg'><img width=\"150\" height=\"150\" src=\"http:\/\/st-riquier-es-plains.fr\/wp-content\/uploads\/2011\/12\/DSC_0105-150x150.jpg\" class=\"attachment-thumbnail size-thumbnail\" alt=\"\" loading=\"lazy\" aria-describedby=\"gallery-1-290\" \/><\/a>\n\t\t\t<\/div>\n\t\t\t\t<figcaption class='wp-caption-text gallery-caption' id='gallery-1-290'>\n\t\t\t\tRue du four Banal\n\t\t\t\t<\/figcaption><\/figure><figure class='gallery-item'>\n\t\t\t<div class='gallery-icon landscape'>\n\t\t\t\t<a href='http:\/\/st-riquier-es-plains.fr\/wp-content\/uploads\/2011\/12\/DSC_0108.jpg'><img width=\"150\" height=\"150\" src=\"http:\/\/st-riquier-es-plains.fr\/wp-content\/uploads\/2011\/12\/DSC_0108-150x150.jpg\" class=\"attachment-thumbnail size-thumbnail\" alt=\"\" loading=\"lazy\" aria-describedby=\"gallery-1-291\" \/><\/a>\n\t\t\t<\/div>\n\t\t\t\t<figcaption class='wp-caption-text gallery-caption' id='gallery-1-291'>\n\t\t\t\tRue des Rosiers\n\t\t\t\t<\/figcaption><\/figure><figure class='gallery-item'>\n\t\t\t<div class='gallery-icon landscape'>\n\t\t\t\t<a href='http:\/\/st-riquier-es-plains.fr\/wp-content\/uploads\/2011\/12\/DSC_0109.jpg'><img width=\"150\" height=\"150\" src=\"http:\/\/st-riquier-es-plains.fr\/wp-content\/uploads\/2011\/12\/DSC_0109-150x150.jpg\" class=\"attachment-thumbnail size-thumbnail\" alt=\"\" loading=\"lazy\" aria-describedby=\"gallery-1-292\" \/><\/a>\n\t\t\t<\/div>\n\t\t\t\t<figcaption class='wp-caption-text gallery-caption' id='gallery-1-292'>\n\t\t\t\tRoute du stade\n\t\t\t\t<\/figcaption><\/figure><figure class='gallery-item'>\n\t\t\t<div class='gallery-icon landscape'>\n\t\t\t\t<a href='http:\/\/st-riquier-es-plains.fr\/wp-content\/uploads\/2011\/12\/DSC_0113.jpg'><img width=\"150\" height=\"150\" src=\"http:\/\/st-riquier-es-plains.fr\/wp-content\/uploads\/2011\/12\/DSC_0113-150x150.jpg\" class=\"attachment-thumbnail size-thumbnail\" alt=\"\" loading=\"lazy\" aria-describedby=\"gallery-1-293\" \/><\/a>\n\t\t\t<\/div>\n\t\t\t\t<figcaption class='wp-caption-text gallery-caption' id='gallery-1-293'>\n\t\t\t\tRue des Ch\u00e2taigniers\n\t\t\t\t<\/figcaption><\/figure><figure class='gallery-item'>\n\t\t\t<div class='gallery-icon portrait'>\n\t\t\t\t<a href='http:\/\/st-riquier-es-plains.fr\/wp-content\/uploads\/2011\/12\/DSC_01261.jpg'><img width=\"150\" height=\"150\" src=\"http:\/\/st-riquier-es-plains.fr\/wp-content\/uploads\/2011\/12\/DSC_01261-150x150.jpg\" class=\"attachment-thumbnail size-thumbnail\" alt=\"\" loading=\"lazy\" aria-describedby=\"gallery-1-295\" \/><\/a>\n\t\t\t<\/div>\n\t\t\t\t<figcaption class='wp-caption-text gallery-caption' id='gallery-1-295'>\n\t\t\t\tLa Mairie\n\t\t\t\t<\/figcaption><\/figure><figure class='gallery-item'>\n\t\t\t<div class='gallery-icon landscape'>\n\t\t\t\t<a href='http:\/\/st-riquier-es-plains.fr\/wp-content\/uploads\/2012\/02\/DSC_0123.jpg'><img width=\"150\" height=\"150\" src=\"http:\/\/st-riquier-es-plains.fr\/wp-content\/uploads\/2012\/02\/DSC_0123-150x150.jpg\" class=\"attachment-thumbnail size-thumbnail\" alt=\"\" loading=\"lazy\" \/><\/a>\n\t\t\t<\/div><\/figure>\n\t\t<\/div>\n\n","protected":false},"excerpt":{"rendered":"<p>Saint-Riquier-\u00e8s-Plains est un village de France, situ\u00e9 dans le d\u00e9partement Seine-Maritime, de la r\u00e9gion Haute-Normandie. Les habitants de Saint-Riquier-\u00e8s-Plains sont appel\u00e9s les Riquierais, Riquieraises. Les 608 habitants de la commune vivent sur une superficie de 6 km\u00b2 avec une densit\u00e9&hellip;&nbsp;<a href=\"http:\/\/st-riquier-es-plains.fr\/?page_id=101\" class=\"more-link\">Lire la suite<\/a><\/p>\n","protected":false},"author":2,"featured_media":0,"parent":2,"menu_order":0,"comment_status":"closed","ping_status":"open","template":"templates\/full-width.php","meta":{"_monsterinsights_skip_tracking":false,"_monsterinsights_sitenote_active":false,"_monsterinsights_sitenote_note":"","_monsterinsights_sitenote_category":0},"_links":{"self":[{"href":"http:\/\/st-riquier-es-plains.fr\/index.php?rest_route=\/wp\/v2\/pages\/101"}],"collection":[{"href":"http:\/\/st-riquier-es-plains.fr\/index.php?rest_route=\/wp\/v2\/pages"}],"about":[{"href":"http:\/\/st-riquier-es-plains.fr\/index.php?rest_route=\/wp\/v2\/types\/page"}],"author":[{"embeddable":true,"href":"http:\/\/st-riquier-es-plains.fr\/index.php?rest_route=\/wp\/v2\/users\/2"}],"replies":[{"embeddable":true,"href":"http:\/\/st-riquier-es-plains.fr\/index.php?rest_route=%2Fwp%2Fv2%2Fcomments&post=101"}],"version-history":[{"count":10,"href":"http:\/\/st-riquier-es-plains.fr\/index.php?rest_route=\/wp\/v2\/pages\/101\/revisions"}],"predecessor-version":[{"id":284,"href":"http:\/\/st-riquier-es-plains.fr\/index.php?rest_route=\/wp\/v2\/pages\/101\/revisions\/284"}],"up":[{"embeddable":true,"href":"http:\/\/st-riquier-es-plains.fr\/index.php?rest_route=\/wp\/v2\/pages\/2"}],"wp:attachment":[{"href":"http:\/\/st-riquier-es-plains.fr\/index.php?rest_route=%2Fwp%2Fv2%2Fmedia&parent=101"}],"curies":[{"name":"wp","href":"https:\/\/api.w.org\/{rel}","templated":true}]}}